{"id":3471,"date":"2024-04-26T15:13:08","date_gmt":"2024-04-26T13:13:08","guid":{"rendered":"https:\/\/www.alliance-concept.com\/en\/?page_id=3471"},"modified":"2024-04-26T15:16:32","modified_gmt":"2024-04-26T13:16:32","slug":"our-environmental-approach","status":"publish","type":"page","link":"https:\/\/www.alliance-concept.com\/en\/our-environmental-approach.html","title":{"rendered":"Our environmental approach"},"content":{"rendered":"<p>[vc_row][vc_column][vc_column_text]<\/p>\n<h1 style=\"text-align: center;\">Alliance Concept, synonymous with responsible industry<\/h1>\n<p>[\/vc_column_text][\/vc_column][\/vc_row][vc_row][vc_column width=&#8221;1\/2&#8243;][vc_column_text]The concept of <strong>Corporate Social Responsibility<\/strong> (CSR) is a key issue for all international economic players. It is also at the forefront of the actions taken by companies on a daily basis.[\/vc_column_text][\/vc_column][vc_column width=&#8221;1\/2&#8243;][vc_column_text]As a responsible company, Alliance Concept takes a number of steps to minimise its impact on the environment and maintain continuous improvement with its employees and stakeholders.[\/vc_column_text][\/vc_column][\/vc_row][vc_row][vc_column][vc_column_text]But before discovering Alliance Concept&#8217;s <strong>CSR<\/strong> policy, let&#8217;s quickly define the term &#8220;CSR&#8221;: Corporate Social Responsibility is defined by the European Commission as the voluntary integration by companies of social and environmental concerns into their commercial activities and their relations with stakeholders.[\/vc_column_text][\/vc_column][\/vc_row][vc_row][vc_column width=&#8221;2\/3&#8243;][vc_column_text]<\/p>\n<h2><strong>Responsibility at Alliance Concept ?<\/strong><\/h2>\n<p>Alliance Concept is pursuing a CSR approach in line with the 17 Sustainable Development Goals (SDGs) set by the United Nations General Assembly. With the aim of having a complete approach with a guideline, Alliance Concept is based on the following four components:[\/vc_column_text][vc_column_text]<\/p>\n<ul>\n<li><strong>ENVIRONMENTAL<\/strong> Responsibility<\/li>\n<li><strong>ECONOMIC<\/strong> Responsibility<\/li>\n<li><strong>SOCIAL<\/strong> RESPONSIBILITY<\/li>\n<li><strong>SOLIDARITY<\/strong> Responsibility<\/li>\n<\/ul>\n<p>[\/vc_column_text][\/vc_column][vc_column width=&#8221;1\/3&#8243;][vc_empty_space][vc_single_image image=&#8221;3472&#8243; img_size=&#8221;medium&#8221;][\/vc_column][\/vc_row][vc_row][vc_column width=&#8221;1\/4&#8243;][vc_single_image image=&#8221;3473&#8243; img_size=&#8221;thumbnail&#8221; alignment=&#8221;center&#8221;][\/vc_column][vc_column width=&#8221;3\/4&#8243;][vc_column_text]Our mindset is based on the &#8220;bucket theory&#8221;, which reminds us that there is no point in having a level of excellence in one of the pillars if another is deteriorating, because the company&#8217;s overall level of performance is based on all the pillars, and is therefore controlled by &#8220;the weakest pillar of the company&#8221;.[\/vc_column_text][\/vc_column][\/vc_row][vc_row bg_type=&#8221;bg_color&#8221; bg_color_value=&#8221;rgba(64,214,0,0.28)&#8221;][vc_column][vc_column_text]At Alliance Concept, our CSR approach is guided by our values: Respect; Commitment; Solidarity. These values are reflected in our <a href=\"https:\/\/www.alliance-concept.com\/entreprise.html\">ISO-9001 certification<\/a>, and are crucial for all responsible organisations. So let&#8217;s not keep them to ourselves, let&#8217;s <a href=\"https:\/\/www.linkedin.com\/company\/alliance-concept-74960\/mycompany\/\"><strong>SHARE THEM<\/strong><\/a> ![\/vc_column_text][\/vc_column][\/vc_row][vc_row][vc_column][vc_toggle title=&#8221;Environment&#8221; color=&#8221;green&#8221;]<\/p>\n<ul>\n<li>Tri des d\u00e9chets<\/li>\n<li>Tri \/ recyclage \/ traitement des \u00e9manations<\/li>\n<li>R\u00e9duction de la production de pollution, r\u00e9duction de la consommation d&#8217;\u00e9nergie<\/li>\n<li>R\u00e9duction de la pollution environnementale des \u00e9quipements que nous concevons<\/li>\n<li>\u00c9conomies de papier, en favorisant les impressions recto-verso, les impressions r\u00e9duites (plusieurs pages par feuille)<\/li>\n<li>Collaboration avec un imprimeur certifi\u00e9 Imprim&#8217;vert: marque garantissant la d\u00e9marche environnementale de l&#8217;imprimeur<\/li>\n<li>Prise de toutes les mesures possibles pour:\n<ul>\n<li>favoriser l&#8217;utilisation de mat\u00e9riaux recyclables<\/li>\n<li>favoriser l&#8217;utilisation d&#8217;emballages recyclables \/ recycl\u00e9s, r\u00e9utilisables\u2026<\/li>\n<li>utiliser des moyens de transport non \/ peu polluants<\/li>\n<li>favoriser la diversit\u00e9 biologique<\/li>\n<\/ul>\n<\/li>\n<li>Valeurs cl\u00e9s: Respect de l&#8217;environnement, protection des ressources naturelles, \u00e9conomies d&#8217;\u00e9nergie, limitation de notre impact sur la plan\u00e8te<\/li>\n<\/ul>\n<p>[\/vc_toggle][vc_toggle title=&#8221;Economy&#8221; color=&#8221;green&#8221;]<\/p>\n<ul>\n<li>Striving for customer satisfaction<\/li>\n<li>Commitment to quality of service<\/li>\n<li>Fair pricing<\/li>\n<li>Support for local suppliers and players<\/li>\n<li>Payment of supplier invoices in compliance with the LME<br \/>\n&#8230;<\/li>\n<\/ul>\n<p>[\/vc_toggle][vc_toggle title=&#8221;Social&#8221; color=&#8221;green&#8221;]<\/p>\n<ul>\n<li>Ensuring health and safety in the workplace<\/li>\n<li>Training and maintaining staff employability<\/li>\n<li>Compliance with the laws and regulations in force in all the territories in which we operate<\/li>\n<li>Respect for the individual\n<ul>\n<li>ALLIANCE CONCEPT acts to provide employees with a working environment conducive to their health and safety<\/li>\n<\/ul>\n<\/li>\n<li>Promoting our values and commitments to our suppliers so that they share our ethical standards<\/li>\n<\/ul>\n<p>[\/vc_toggle][vc_toggle title=&#8221;Equal opportunities&#8221; color=&#8221;green&#8221;]<\/p>\n<ul>\n<li>Combating all forms of discrimination<br \/>\nEncouraging disabled people to work<br \/>\nEquality between men and women<br \/>\nAge equality<br \/>\nPromoting diversity<br \/>\nPromoting women&#8217;s access to engineering training<\/li>\n<\/ul>\n<p>[\/vc_toggle][\/vc_column][\/vc_row]<\/p>\n","protected":false},"excerpt":{"rendered":"<p>[vc_row][vc_column][vc_column_text] Alliance Concept, synonymous with responsible industry [\/vc_column_text][\/vc_column][\/vc_row][vc_row][vc_column width=&#8221;1\/2&#8243;][vc_column_text]The concept of Corporate Social Responsibility (CSR) is a key issue for all international economic players. It is also at the forefront of the actions taken by companies on a daily basis.[\/vc_column_text][\/vc_column][vc_column width=&#8221;1\/2&#8243;][vc_column_text]As a responsible company, Alliance Concept takes a number of [&hellip;]<\/p>\n","protected":false},"author":5,"featured_media":0,"parent":0,"menu_order":0,"comment_status":"closed","ping_status":"closed","template":"","meta":{"footnotes":""},"class_list":["post-3471","page","type-page","status-publish","hentry"],"yoast_head":"<!-- This site is optimized with the Yoast SEO plugin v27.5 - https:\/\/yoast.com\/product\/yoast-seo-wordpress\/ -->\n<title>Our environmental approach - Alliance Concept English<\/title>\n<meta name=\"robots\" content=\"index, follow, max-snippet:-1, max-image-preview:large, max-video-preview:-1\" \/>\n<link rel=\"canonical\" href=\"https:\/\/www.alliance-concept.com\/en\/our-environmental-approach.html\" \/>\n<meta property=\"og:locale\" content=\"en_GB\" \/>\n<meta property=\"og:type\" content=\"article\" \/>\n<meta property=\"og:title\" content=\"Our environmental approach - Alliance Concept English\" \/>\n<meta property=\"og:description\" content=\"[vc_row][vc_column][vc_column_text] Alliance Concept, synonymous with responsible industry [\/vc_column_text][\/vc_column][\/vc_row][vc_row][vc_column width=&#8221;1\/2&#8243;][vc_column_text]The concept of Corporate Social Responsibility (CSR) is a key issue for all international economic players. It is also at the forefront of the actions taken by companies on a daily basis.[\/vc_column_text][\/vc_column][vc_column width=&#8221;1\/2&#8243;][vc_column_text]As a responsible company, Alliance Concept takes a number of [&hellip;]\" \/>\n<meta property=\"og:url\" content=\"https:\/\/www.alliance-concept.com\/en\/our-environmental-approach.html\" \/>\n<meta property=\"og:site_name\" content=\"Alliance Concept English\" \/>\n<meta property=\"article:modified_time\" content=\"2024-04-26T13:16:32+00:00\" \/>\n<meta name=\"twitter:card\" content=\"summary_large_image\" \/>\n<meta name=\"twitter:label1\" content=\"Estimated reading time\" \/>\n\t<meta name=\"twitter:data1\" content=\"3 minutes\" \/>\n<script type=\"application\/ld+json\" class=\"yoast-schema-graph\">{\"@context\":\"https:\\\/\\\/schema.org\",\"@graph\":[{\"@type\":\"WebPage\",\"@id\":\"https:\\\/\\\/www.alliance-concept.com\\\/en\\\/our-environmental-approach.html\",\"url\":\"https:\\\/\\\/www.alliance-concept.com\\\/en\\\/our-environmental-approach.html\",\"name\":\"Our environmental approach - Alliance Concept English\",\"isPartOf\":{\"@id\":\"https:\\\/\\\/www.alliance-concept.com\\\/en\\\/#website\"},\"datePublished\":\"2024-04-26T13:13:08+00:00\",\"dateModified\":\"2024-04-26T13:16:32+00:00\",\"breadcrumb\":{\"@id\":\"https:\\\/\\\/www.alliance-concept.com\\\/en\\\/our-environmental-approach.html#breadcrumb\"},\"inLanguage\":\"en-GB\",\"potentialAction\":[{\"@type\":\"ReadAction\",\"target\":[\"https:\\\/\\\/www.alliance-concept.com\\\/en\\\/our-environmental-approach.html\"]}]},{\"@type\":\"BreadcrumbList\",\"@id\":\"https:\\\/\\\/www.alliance-concept.com\\\/en\\\/our-environmental-approach.html#breadcrumb\",\"itemListElement\":[{\"@type\":\"ListItem\",\"position\":1,\"name\":\"Accueil\",\"item\":\"https:\\\/\\\/www.alliance-concept.com\\\/en\\\/\"},{\"@type\":\"ListItem\",\"position\":2,\"name\":\"Our environmental approach\"}]},{\"@type\":\"WebSite\",\"@id\":\"https:\\\/\\\/www.alliance-concept.com\\\/en\\\/#website\",\"url\":\"https:\\\/\\\/www.alliance-concept.com\\\/en\\\/\",\"name\":\"Alliance Concept English\",\"description\":\"Un site utilisant WordPress\",\"potentialAction\":[{\"@type\":\"SearchAction\",\"target\":{\"@type\":\"EntryPoint\",\"urlTemplate\":\"https:\\\/\\\/www.alliance-concept.com\\\/en\\\/?s={search_term_string}\"},\"query-input\":{\"@type\":\"PropertyValueSpecification\",\"valueRequired\":true,\"valueName\":\"search_term_string\"}}],\"inLanguage\":\"en-GB\"}]}<\/script>\n<!-- \/ Yoast SEO plugin. -->","yoast_head_json":{"title":"Our environmental approach - Alliance Concept English","robots":{"index":"index","follow":"follow","max-snippet":"max-snippet:-1","max-image-preview":"max-image-preview:large","max-video-preview":"max-video-preview:-1"},"canonical":"https:\/\/www.alliance-concept.com\/en\/our-environmental-approach.html","og_locale":"en_GB","og_type":"article","og_title":"Our environmental approach - Alliance Concept English","og_description":"[vc_row][vc_column][vc_column_text] Alliance Concept, synonymous with responsible industry [\/vc_column_text][\/vc_column][\/vc_row][vc_row][vc_column width=&#8221;1\/2&#8243;][vc_column_text]The concept of Corporate Social Responsibility (CSR) is a key issue for all international economic players. It is also at the forefront of the actions taken by companies on a daily basis.[\/vc_column_text][\/vc_column][vc_column width=&#8221;1\/2&#8243;][vc_column_text]As a responsible company, Alliance Concept takes a number of [&hellip;]","og_url":"https:\/\/www.alliance-concept.com\/en\/our-environmental-approach.html","og_site_name":"Alliance Concept English","article_modified_time":"2024-04-26T13:16:32+00:00","twitter_card":"summary_large_image","twitter_misc":{"Estimated reading time":"3 minutes"},"schema":{"@context":"https:\/\/schema.org","@graph":[{"@type":"WebPage","@id":"https:\/\/www.alliance-concept.com\/en\/our-environmental-approach.html","url":"https:\/\/www.alliance-concept.com\/en\/our-environmental-approach.html","name":"Our environmental approach - Alliance Concept English","isPartOf":{"@id":"https:\/\/www.alliance-concept.com\/en\/#website"},"datePublished":"2024-04-26T13:13:08+00:00","dateModified":"2024-04-26T13:16:32+00:00","breadcrumb":{"@id":"https:\/\/www.alliance-concept.com\/en\/our-environmental-approach.html#breadcrumb"},"inLanguage":"en-GB","potentialAction":[{"@type":"ReadAction","target":["https:\/\/www.alliance-concept.com\/en\/our-environmental-approach.html"]}]},{"@type":"BreadcrumbList","@id":"https:\/\/www.alliance-concept.com\/en\/our-environmental-approach.html#breadcrumb","itemListElement":[{"@type":"ListItem","position":1,"name":"Accueil","item":"https:\/\/www.alliance-concept.com\/en\/"},{"@type":"ListItem","position":2,"name":"Our environmental approach"}]},{"@type":"WebSite","@id":"https:\/\/www.alliance-concept.com\/en\/#website","url":"https:\/\/www.alliance-concept.com\/en\/","name":"Alliance Concept English","description":"Un site utilisant WordPress","potentialAction":[{"@type":"SearchAction","target":{"@type":"EntryPoint","urlTemplate":"https:\/\/www.alliance-concept.com\/en\/?s={search_term_string}"},"query-input":{"@type":"PropertyValueSpecification","valueRequired":true,"valueName":"search_term_string"}}],"inLanguage":"en-GB"}]}},"_links":{"self":[{"href":"https:\/\/www.alliance-concept.com\/en\/wp-json\/wp\/v2\/pages\/3471","targetHints":{"allow":["GET"]}}],"collection":[{"href":"https:\/\/www.alliance-concept.com\/en\/wp-json\/wp\/v2\/pages"}],"about":[{"href":"https:\/\/www.alliance-concept.com\/en\/wp-json\/wp\/v2\/types\/page"}],"author":[{"embeddable":true,"href":"https:\/\/www.alliance-concept.com\/en\/wp-json\/wp\/v2\/users\/5"}],"replies":[{"embeddable":true,"href":"https:\/\/www.alliance-concept.com\/en\/wp-json\/wp\/v2\/comments?post=3471"}],"version-history":[{"count":4,"href":"https:\/\/www.alliance-concept.com\/en\/wp-json\/wp\/v2\/pages\/3471\/revisions"}],"predecessor-version":[{"id":3477,"href":"https:\/\/www.alliance-concept.com\/en\/wp-json\/wp\/v2\/pages\/3471\/revisions\/3477"}],"wp:attachment":[{"href":"https:\/\/www.alliance-concept.com\/en\/wp-json\/wp\/v2\/media?parent=3471"}],"curies":[{"name":"wp","href":"https:\/\/api.w.org\/{rel}","templated":true}]}}