{"id":166,"date":"2019-05-20T15:50:34","date_gmt":"2019-05-20T13:50:34","guid":{"rendered":"https:\/\/www.alliance-concept.com\/en\/?page_id=166"},"modified":"2020-02-02T17:18:13","modified_gmt":"2020-02-02T16:18:13","slug":"electronics-leak-testing","status":"publish","type":"page","link":"https:\/\/www.alliance-concept.com\/en\/electronics-leak-testing.html","title":{"rendered":"Electronics Industry"},"content":{"rendered":"<p>[vc_row full_width=&#8221;stretch_row&#8221; css=&#8221;.vc_custom_1572779956106{background-position: center !important;background-repeat: no-repeat !important;background-size: cover !important;}&#8221;][vc_column][vc_column_text el_class=&#8221;titrepage&#8221;]<\/p>\n<h1 style=\"text-align: left;\"><strong>Leak Testing Machines for the Electronics Industry<\/strong><\/h1>\n<p>[\/vc_column_text][vc_row_inner][vc_column_inner width=&#8221;1\/2&#8243;][vc_column_text css=&#8221;.vc_custom_1580656975855{border-left-width: 4px !important;padding-left: 10px !important;border-left-color: #414649 !important;border-left-style: solid !important;}&#8221;]The electronics industry is not to be missed! This is one of the biggest characteristics of this cutting-edge technology industry. The <strong>electronics industry<\/strong> benefits from a privileged position by being present in all the other sectors of activity![\/vc_column_text][vc_column_text]Such as electronics, Alliance Concept demonstrates great flexibility.\u00a0This is why we can support you in all your <strong>leak testing<\/strong> projects.<\/p>\n<p>The <strong class=\"d2b\">leak testing<\/strong> activity is an ideal partner for a sector as dynamic as electronics.<\/p>\n<p><strong>Leak detection by Helium and H2 gas tracer<\/strong> (among others) is a clean and reliable non-destructive control technology. This technology will ensure you an accurate measurement of the smallest defects of your components.[\/vc_column_text][\/vc_column_inner][vc_column_inner width=&#8221;1\/2&#8243;][vc_single_image image=&#8221;2254&#8243; img_size=&#8221;317&#215;450&#8243; alignment=&#8221;center&#8221; css_animation=&#8221;bounceInRight&#8221;][\/vc_column_inner][\/vc_row_inner][\/vc_column][\/vc_row][vc_row][vc_column][vc_column_text]<\/p>\n<h3>Example of a leak test machine application for the electronics industry: the capacitors<\/h3>\n<p>[\/vc_column_text][vc_row_inner][vc_column_inner width=&#8221;2\/3&#8243;][vc_column_text]<strong>The capacitors<\/strong> are remarkable components thanks to the power density that they can provide.<\/p>\n<p>Ultra-capacitors which are used as bumpers between the speed variator and the <strong class=\"d2b\">accumulators<\/strong> in <strong>hybrid cars<\/strong> for example, could not be viable without an optimum <strong>air moisture tightness<\/strong>.\u00a0 In fact, an exposure of their internal electrolyte to external ambient air would let them unusable.[\/vc_column_text][\/vc_column_inner][vc_column_inner width=&#8221;1\/3&#8243;][vc_single_image image=&#8221;1568&#8243; alignment=&#8221;center&#8221; onclick=&#8221;zoom&#8221; css_animation=&#8221;bounceInRight&#8221;][\/vc_column_inner][\/vc_row_inner][vc_column_text]<span class=\"fort\">Alliance Concept<\/span> has the know-how and the experience in the electronics sector to guarantee you solutions adapted to your specifications.[\/vc_column_text][\/vc_column][\/vc_row][vc_row full_width=&#8221;stretch_row&#8221; css=&#8221;.vc_custom_1572276398137{background-color: #ffffff !important;}&#8221;][vc_column][vc_row_inner][vc_column_inner width=&#8221;1\/3&#8243;][vc_single_image image=&#8221;1567&#8243; alignment=&#8221;center&#8221; onclick=&#8221;zoom&#8221; css_animation=&#8221;bounceInLeft&#8221;][\/vc_column_inner][vc_column_inner width=&#8221;2\/3&#8243;][vc_column_text]The <strong class=\"d2b\">capacitors<\/strong> are produced in large series <span class=\"fort\">at high cycle speeds<\/span> requiring a specific tailored conception.\u00a0We have carried out this <strong>leak testing system using Helium and H2 tracer gas<\/strong>, by interfacing it efficiently with the capacitors production facilities.<\/p>\n<p>The <strong class=\"d2b\">capacitors<\/strong> are tested in batches and conveyed in\/out by mats connected to the rest of the production chain.\u00a0The detection in global mode guarantees a <strong>high-precision measurement<\/strong>.[\/vc_column_text][\/vc_column_inner][\/vc_row_inner][vc_column_text]<\/p>\n<h4><strong>Ultra-Capacitors Leak Testings Technical Data\u00a0:<\/strong><\/h4>\n<ul>\n<li>A global mode of 5 parts to be tested simultaneously (chamber)<\/li>\n<li>Possibility of local test with a \u2018RLD sensor\u2019 (Long Distance Sniffing Test Mode)<\/li>\n<li>Primary pumping of the chamber and parts<\/li>\n<li>Cycle time &lt; 100s<\/li>\n<\/ul>\n<p>[\/vc_column_text][\/vc_column][\/vc_row][vc_row][vc_column][vc_column_text]In addition, the electronics sector was the first to benefit from our <a href=\"https:\/\/www.alliance-concept.com\/en\/modulhe.html\">Modul\u2019He technology<\/a>* which we have then extended to all the other sectors. This compact bench allows to test the tightness of 5 capacitors simultaneously and to carry out a sniffing cycle on a dedicated workstation within the same work surface.<\/p>\n<p><strong>This system\u2019s ergonomics is considered as ideal for prototypes or spot quality testings.<\/strong>[\/vc_column_text][\/vc_column][\/vc_row][vc_row][vc_column][vc_btn title=&#8221;CONTACT US&#8221; style=&#8221;custom&#8221; custom_background=&#8221;#e41a14&#8243; custom_text=&#8221;#ffffff&#8221; size=&#8221;lg&#8221; align=&#8221;right&#8221; css_animation=&#8221;bounceInRight&#8221; link=&#8221;url:https%3A%2F%2Fwww.alliance-concept.com\/en%2Fcontact.html|title:Contact||&#8221;][\/vc_column][\/vc_row][vc_row][\/vc_row]<\/p>\n","protected":false},"excerpt":{"rendered":"<p>[vc_row full_width=&#8221;stretch_row&#8221; css=&#8221;.vc_custom_1572779956106{background-position: center !important;background-repeat: no-repeat !important;background-size: cover !important;}&#8221;][vc_column][vc_column_text el_class=&#8221;titrepage&#8221;] Leak Testing Machines for the Electronics Industry [\/vc_column_text][vc_row_inner][vc_column_inner width=&#8221;1\/2&#8243;][vc_column_text css=&#8221;.vc_custom_1580656975855{border-left-width: 4px !important;padding-left: 10px !important;border-left-color: #414649 !important;border-left-style: solid !important;}&#8221;]The electronics industry is not to be missed! This is one of the biggest characteristics of this cutting-edge technology industry. The electronics industry [&hellip;]<\/p>\n","protected":false},"author":1,"featured_media":0,"parent":0,"menu_order":0,"comment_status":"closed","ping_status":"closed","template":"","meta":{"footnotes":""},"class_list":["post-166","page","type-page","status-publish","hentry"],"yoast_head":"<!-- This site is optimized with the Yoast SEO plugin v27.4 - https:\/\/yoast.com\/product\/yoast-seo-wordpress\/ -->\n<title>Leak control system, electronics equipment tightness test machine<\/title>\n<meta name=\"description\" content=\"Alliance Concept fabrique des machines de contr\u00f4le d&#039;\u00e9tanch\u00e9it\u00e9 pour l&#039;industrie \u00e9lectronique. Contactez-nous pour obtenir un devis.\" \/>\n<meta name=\"robots\" content=\"index, follow, max-snippet:-1, max-image-preview:large, max-video-preview:-1\" \/>\n<link rel=\"canonical\" href=\"https:\/\/www.alliance-concept.com\/en\/electronics-leak-testing.html\" \/>\n<meta property=\"og:locale\" content=\"en_GB\" \/>\n<meta property=\"og:type\" content=\"article\" \/>\n<meta property=\"og:title\" content=\"Leak control system, electronics equipment tightness test machine\" \/>\n<meta property=\"og:description\" content=\"Alliance Concept fabrique des machines de contr\u00f4le d&#039;\u00e9tanch\u00e9it\u00e9 pour l&#039;industrie \u00e9lectronique. Contactez-nous pour obtenir un devis.\" \/>\n<meta property=\"og:url\" content=\"https:\/\/www.alliance-concept.com\/en\/electronics-leak-testing.html\" \/>\n<meta property=\"og:site_name\" content=\"Alliance Concept English\" \/>\n<meta property=\"article:modified_time\" content=\"2020-02-02T16:18:13+00:00\" \/>\n<meta name=\"twitter:card\" content=\"summary_large_image\" \/>\n<meta name=\"twitter:label1\" content=\"Estimated reading time\" \/>\n\t<meta name=\"twitter:data1\" content=\"3 minutes\" \/>\n<script type=\"application\/ld+json\" class=\"yoast-schema-graph\">{\"@context\":\"https:\\\/\\\/schema.org\",\"@graph\":[{\"@type\":\"WebPage\",\"@id\":\"https:\\\/\\\/www.alliance-concept.com\\\/en\\\/electronics-leak-testing.html\",\"url\":\"https:\\\/\\\/www.alliance-concept.com\\\/en\\\/electronics-leak-testing.html\",\"name\":\"Leak control system, electronics equipment tightness test machine\",\"isPartOf\":{\"@id\":\"https:\\\/\\\/www.alliance-concept.com\\\/en\\\/#website\"},\"datePublished\":\"2019-05-20T13:50:34+00:00\",\"dateModified\":\"2020-02-02T16:18:13+00:00\",\"description\":\"Alliance Concept fabrique des machines de contr\u00f4le d'\u00e9tanch\u00e9it\u00e9 pour l'industrie \u00e9lectronique. Contactez-nous pour obtenir un devis.\",\"breadcrumb\":{\"@id\":\"https:\\\/\\\/www.alliance-concept.com\\\/en\\\/electronics-leak-testing.html#breadcrumb\"},\"inLanguage\":\"en-GB\",\"potentialAction\":[{\"@type\":\"ReadAction\",\"target\":[\"https:\\\/\\\/www.alliance-concept.com\\\/en\\\/electronics-leak-testing.html\"]}]},{\"@type\":\"BreadcrumbList\",\"@id\":\"https:\\\/\\\/www.alliance-concept.com\\\/en\\\/electronics-leak-testing.html#breadcrumb\",\"itemListElement\":[{\"@type\":\"ListItem\",\"position\":1,\"name\":\"Accueil\",\"item\":\"https:\\\/\\\/www.alliance-concept.com\\\/en\\\/\"},{\"@type\":\"ListItem\",\"position\":2,\"name\":\"Electronics Industry\"}]},{\"@type\":\"WebSite\",\"@id\":\"https:\\\/\\\/www.alliance-concept.com\\\/en\\\/#website\",\"url\":\"https:\\\/\\\/www.alliance-concept.com\\\/en\\\/\",\"name\":\"Alliance Concept English\",\"description\":\"Un site utilisant WordPress\",\"potentialAction\":[{\"@type\":\"SearchAction\",\"target\":{\"@type\":\"EntryPoint\",\"urlTemplate\":\"https:\\\/\\\/www.alliance-concept.com\\\/en\\\/?s={search_term_string}\"},\"query-input\":{\"@type\":\"PropertyValueSpecification\",\"valueRequired\":true,\"valueName\":\"search_term_string\"}}],\"inLanguage\":\"en-GB\"}]}<\/script>\n<!-- \/ Yoast SEO plugin. -->","yoast_head_json":{"title":"Leak control system, electronics equipment tightness test machine","description":"Alliance Concept fabrique des machines de contr\u00f4le d'\u00e9tanch\u00e9it\u00e9 pour l'industrie \u00e9lectronique. Contactez-nous pour obtenir un devis.","robots":{"index":"index","follow":"follow","max-snippet":"max-snippet:-1","max-image-preview":"max-image-preview:large","max-video-preview":"max-video-preview:-1"},"canonical":"https:\/\/www.alliance-concept.com\/en\/electronics-leak-testing.html","og_locale":"en_GB","og_type":"article","og_title":"Leak control system, electronics equipment tightness test machine","og_description":"Alliance Concept fabrique des machines de contr\u00f4le d'\u00e9tanch\u00e9it\u00e9 pour l'industrie \u00e9lectronique. Contactez-nous pour obtenir un devis.","og_url":"https:\/\/www.alliance-concept.com\/en\/electronics-leak-testing.html","og_site_name":"Alliance Concept English","article_modified_time":"2020-02-02T16:18:13+00:00","twitter_card":"summary_large_image","twitter_misc":{"Estimated reading time":"3 minutes"},"schema":{"@context":"https:\/\/schema.org","@graph":[{"@type":"WebPage","@id":"https:\/\/www.alliance-concept.com\/en\/electronics-leak-testing.html","url":"https:\/\/www.alliance-concept.com\/en\/electronics-leak-testing.html","name":"Leak control system, electronics equipment tightness test machine","isPartOf":{"@id":"https:\/\/www.alliance-concept.com\/en\/#website"},"datePublished":"2019-05-20T13:50:34+00:00","dateModified":"2020-02-02T16:18:13+00:00","description":"Alliance Concept fabrique des machines de contr\u00f4le d'\u00e9tanch\u00e9it\u00e9 pour l'industrie \u00e9lectronique. Contactez-nous pour obtenir un devis.","breadcrumb":{"@id":"https:\/\/www.alliance-concept.com\/en\/electronics-leak-testing.html#breadcrumb"},"inLanguage":"en-GB","potentialAction":[{"@type":"ReadAction","target":["https:\/\/www.alliance-concept.com\/en\/electronics-leak-testing.html"]}]},{"@type":"BreadcrumbList","@id":"https:\/\/www.alliance-concept.com\/en\/electronics-leak-testing.html#breadcrumb","itemListElement":[{"@type":"ListItem","position":1,"name":"Accueil","item":"https:\/\/www.alliance-concept.com\/en\/"},{"@type":"ListItem","position":2,"name":"Electronics Industry"}]},{"@type":"WebSite","@id":"https:\/\/www.alliance-concept.com\/en\/#website","url":"https:\/\/www.alliance-concept.com\/en\/","name":"Alliance Concept English","description":"Un site utilisant WordPress","potentialAction":[{"@type":"SearchAction","target":{"@type":"EntryPoint","urlTemplate":"https:\/\/www.alliance-concept.com\/en\/?s={search_term_string}"},"query-input":{"@type":"PropertyValueSpecification","valueRequired":true,"valueName":"search_term_string"}}],"inLanguage":"en-GB"}]}},"_links":{"self":[{"href":"https:\/\/www.alliance-concept.com\/en\/wp-json\/wp\/v2\/pages\/166","targetHints":{"allow":["GET"]}}],"collection":[{"href":"https:\/\/www.alliance-concept.com\/en\/wp-json\/wp\/v2\/pages"}],"about":[{"href":"https:\/\/www.alliance-concept.com\/en\/wp-json\/wp\/v2\/types\/page"}],"author":[{"embeddable":true,"href":"https:\/\/www.alliance-concept.com\/en\/wp-json\/wp\/v2\/users\/1"}],"replies":[{"embeddable":true,"href":"https:\/\/www.alliance-concept.com\/en\/wp-json\/wp\/v2\/comments?post=166"}],"version-history":[{"count":27,"href":"https:\/\/www.alliance-concept.com\/en\/wp-json\/wp\/v2\/pages\/166\/revisions"}],"predecessor-version":[{"id":2694,"href":"https:\/\/www.alliance-concept.com\/en\/wp-json\/wp\/v2\/pages\/166\/revisions\/2694"}],"wp:attachment":[{"href":"https:\/\/www.alliance-concept.com\/en\/wp-json\/wp\/v2\/media?parent=166"}],"curies":[{"name":"wp","href":"https:\/\/api.w.org\/{rel}","templated":true}]}}